{"id":2333,"date":"2020-10-15T15:41:53","date_gmt":"2020-10-15T15:41:53","guid":{"rendered":"https:\/\/wirlab.it\/internet\/?page_id=2333"},"modified":"2022-10-25T08:21:42","modified_gmt":"2022-10-25T08:21:42","slug":"termini-e-condizioni","status":"publish","type":"page","link":"https:\/\/wirlab.it\/internet\/termini-e-condizioni\/","title":{"rendered":"Termini e condizioni"},"content":{"rendered":"<div class=\"wpb-content-wrapper\">[vc_row full_width=&#8221;stretch_row&#8221; content_placement=&#8221;middle&#8221; column_spacing=&#8221;0px&#8221; remove_bottom_col_margin=&#8221;true&#8221; tablet_fullwidth_cols=&#8221;yes&#8221; css=&#8221;.vc_custom_1582016099072{background-color: #ffffff !important;background-position: center !important;background-repeat: no-repeat !important;background-size: cover !important;}&#8221;][vc_column]<div class=\"vcex-spacing wpex-w-100 wpex-clear\" style=\"height:20px;\"><\/div><div class=\"templatera_shortcode\"><style type=\"text\/css\" data-type=\"vc_shortcodes-custom-css\">.vc_custom_1579797810782{background-position: center !important;background-repeat: no-repeat !important;background-size: cover !important;}.vc_custom_1614008411520{padding-top: 5px !important;}<\/style><div class=\"vc_row wpb_row vc_row-fluid vc_custom_1579797810782 vc_row-o-content-middle vc_row-flex wpex-vc-full-width-row wpex-vc-full-width-row--centered wpex-relative wpex-vc-has-custom-column-spacing wpex-vc-column-spacing-0px wpex-vc_row-has-fill no-bottom-margins tablet-fullwidth-columns wpex-vc-reset-negative-margin\"><div class=\"wpb_column vc_column_container vc_col-sm-3\"><div class=\"vc_column-inner\"><div class=\"wpb_wrapper\">\n\t<div class=\"wpb_text_column wpb_content_element vc_custom_1614008411520\" >\n\t\t<div class=\"wpb_wrapper\">\n\t\t\t<p><a href=\"https:\/\/wirlab.it\/\"><img class=\"wp-image-496 alignleft\" src=\"https:\/\/wirlab.it\/internet\/wp-content\/uploads\/2020\/01\/wirlab-internet-luce-e-gas.jpg\" alt=\"Wirlab internet luce e gas logo ufficiale\" width=\"253\" height=\"80\" \/><\/a><\/p>\n\n\t\t<\/div>\n\t<\/div>\n<\/div><\/div><\/div><div class=\"wpb_column vc_column_container vc_col-sm-1\"><div class=\"vc_column-inner\"><div class=\"wpb_wrapper\"><\/div><\/div><\/div><div class=\"wpb_column vc_column_container vc_col-sm-2\"><div class=\"vc_column-inner\"><div class=\"wpb_wrapper\"><\/div><\/div><\/div><div class=\"wpb_column vc_column_container vc_col-sm-3 visible-desktop-large\"><div class=\"vc_column-inner\"><div class=\"wpb_wrapper\"><style>.vcex-button.vcex_69e58cce36052{color:#212121!important;font-family:Montserrat;font-size:16px;font-weight:bolder;}<\/style><div class=\"theme-button-wrap theme-button-expanded-wrap wpex-clr\"><a href=\"https:\/\/wirlab.it\/internet\/internet-soluzioni-wholesale\/\" class=\"vcex-button theme-txt-link align-left wpex-inline-block expanded expanded vcex_69e58cce36052\" title=\"Soluzioni Internet Wholesale\"><span class=\"vcex-button-inner theme-button-inner wpex-flex wpex-flex-wrap wpex-items-center wpex-justify-center\">Soluzioni Wholesale<\/span><\/a><\/div> <\/div><\/div><\/div><div class=\"wpb_column vc_column_container vc_col-sm-3 visible-desktop-large\"><div class=\"vc_column-inner\"><div class=\"wpb_wrapper\"><style>.vcex-button.vcex_69e58cce36b89{background:#2396d0;color:#ffffff!important;font-family:Montserrat;font-size:16px;font-weight:600;}.vcex-button.vcex_69e58cce36b89:hover{background:#212121!important;}<\/style><div class=\"theme-button-wrap theme-button-expanded-wrap wpex-clr\"><a href=\"https:\/\/fibra.wirlabtlc.com\" class=\"vcex-button theme-button align-left expanded hvr hvr-shadow expanded vcex_69e58cce36b89\" title=\"Area clienti wirlab internet luce e gas\" target=\"_blank\" rel=\"noopener noreferrer\"><span class=\"vcex-button-inner theme-button-inner wpex-flex wpex-flex-wrap wpex-items-center wpex-justify-center\"><span class=\"vcex-button-icon vcex-icon-wrap theme-button-icon-left\"><span class=\"wpex-icon\" aria-hidden=\"true\"><svg xmlns=\"http:\/\/www.w3.org\/2000\/svg\" viewBox=\"0 0 512 512\"><path d=\"M406.5 399.6C387.4 352.9 341.5 320 288 320H224c-53.5 0-99.4 32.9-118.5 79.6C69.9 362.2 48 311.7 48 256C48 141.1 141.1 48 256 48s208 93.1 208 208c0 55.7-21.9 106.2-57.5 143.6zm-40.1 32.7C334.4 452.4 296.6 464 256 464s-78.4-11.6-110.5-31.7c7.3-36.7 39.7-64.3 78.5-64.3h64c38.8 0 71.2 27.6 78.5 64.3zM256 512A256 256 0 1 0 256 0a256 256 0 1 0 0 512zm0-272a40 40 0 1 1 0-80 40 40 0 1 1 0 80zm-88-40a88 88 0 1 0 176 0 88 88 0 1 0 -176 0z\"\/><\/svg><\/span><\/span>AREA CLIENTI<\/span><\/a><\/div> <\/div><\/div><\/div><\/div><\/div><div class=\"vcex-spacing wpex-w-100 wpex-clear\" style=\"height:20px;\"><\/div>[\/vc_column][\/vc_row][vc_row][vc_column]<div class=\"vcex-spacing wpex-w-100 wpex-clear\"><\/div>[\/vc_column][\/vc_row][vc_row][vc_column width=&#8221;2\/3&#8243;][vc_column_text font_family=&#8221;Montserrat&#8221; color=&#8221;#212121&#8243; font_size=&#8221;40&#8243; line_height=&#8221;36px&#8221; letter_spacing=&#8221;0px&#8221; font_weight=&#8221;700&#8243; css=&#8221;.vc_custom_1602776479703{padding-top: 10px !important;padding-right: 10px !important;padding-bottom: 10px !important;padding-left: 10px !important;}&#8221;]Termini e condizioni[\/vc_column_text]<div class=\"vcex-spacing wpex-w-100 wpex-clear\" style=\"height:20px;\"><\/div>[\/vc_column][vc_column width=&#8221;1\/3&#8243;][\/vc_column][\/vc_row][vc_row][vc_column width=&#8221;1\/2&#8243;][vc_column_text font_family=&#8221;Montserrat&#8221; font_size=&#8221;12&#8243; line_height=&#8221;18px&#8221; letter_spacing=&#8221;0px&#8221; font_weight=&#8221;400&#8243; color=&#8221;#212121&#8243; css=&#8221;.vc_custom_1666684199411{padding-top: 10px !important;padding-right: 10px !important;padding-bottom: 10px !important;padding-left: 10px !important;}&#8221;]\n<p style=\"text-align: justify;\"><strong>Manleva<\/strong><br \/>\nL\u2019Utente si assume la responsabilit\u00e0 per ogni sua attivit\u00e0 effettuata nell\u2019ambito del Sito e si impegna a manlevare e tenere indenne WirLab Fibra S.r.l. da qualsiasi pretesa o minaccia relativa a o derivante dall\u2019uso o dall\u2019abuso della sua partecipazione al Sito. Si impegni, inoltre, ad utilizzare il Sito ed i Servizi, eventualmente erogati sullo stesso, esclusivamente per scopi leciti e ammessi dalle vigenti disposizioni di legge applicabili, dagli usi e consuetudini, dalle regole di diligenza, in ogni caso senza ledere diritti di qualsivoglia terzo, Utente o no, e ponendo particolare riguardo alle norme di protezione dei dati, alle leggi in materia di protezione della propriet\u00e0 intellettuale e industriale ed alla normativa in materia di telecomunicazioni. Si assume, inoltre, interamente ogni responsabilit\u00e0 sul contenuto dei messaggi e dei testi eventualmente inviati sul Sito ed accessibili ad un numero molteplici di Utenti, riconoscendoti unico responsabile e sollevando WirLab, nonch\u00e9 i soggetti ad esso collegati o da esso controllati, i suoi rappresentanti, i dipendenti nonch\u00e9 qualsivoglia partner di WirLab Fibra S.r.l. da qualsivoglia conseguente richiesta di danno o rivalsa e rimborsando WirLab Fibra S.r.l. di ogni costo derivante da pretese o azioni di terzi nei suoi confronti per danni causati dall\u2019Utente o da persone da esso autorizzate ad accedere ai Servizi, nonch\u00e9 da qualsivoglia onere, danno, costo, spesa (anche legale) e\/o conseguenza pregiudizievole dovuti all\u2019uso illegittimo o comunque non conforme (ivi inclusa l\u2019ipotesi di colpa lieve) alle istruzioni ricevute ed alle procedure applicabili della password e\/o username, anche nell\u2019ipotesi in cui l\u2019uso illegittimo della password e\/o username sia avvenuto prima della denuncia del furto e\/o smarrimento degli stessi alle pubbliche autorit\u00e0 ed a WirLab.<\/p>\n<p style=\"text-align: justify;\"><strong>Registrazione dell\u2019Utente<\/strong><br \/>\nPer registrarsi come Utente di WirLab Fibra S.r.l. nelle aree riservate del Sito ed accedere all\u2019utilizzo di taluni dei Servizi, se disponibili, \u00e8 necessario compilare il modulo che apparir\u00e0 sul video al momento della scelta dell\u2019opzione specifica per la registrazione. Per potersi registrare WirLab Fibra S.r.l. richiede all\u2019Utente l\u2019indicazione di alcuni dati personali. Il trattamento di tali dati da parte di WirLab Fibra S.r.l. avviene secondo le modalit\u00e0 illustrate nella <span style=\"color: #1496d4;\"><strong><a style=\"color: #1496d4;\" href=\"https:\/\/wirlab.it\/internet\/privacy-policy\/\" target=\"_blank\" rel=\"noopener noreferrer\">Privacy Policy<\/a><\/strong><\/span>, in conformit\u00e0 del D. Lgs. 196\/03 \u201cCodice in materia di protezione dei dati personali\u201d e del Regolamento europeo n. 676\/2016, <span style=\"color: #1496d4;\"><a style=\"color: #1496d4;\" href=\"https:\/\/wirlab.it\/internet\/privacy-policy\/\" target=\"_blank\" rel=\"noopener noreferrer\"><strong>Privacy Policy<\/strong><\/a><\/span> che precede la procedura di registrazione.<\/p>\n<p style=\"text-align: justify;\">Durante la procedura di registrazione, l\u2019Utente si impegna a dichiarare i suoi dati personali aggiornati, corretti e veritieri. Inoltre, l\u2019Utente si impegna ad aggiornare tempestivamente i dati registrati, affinch\u00e9 questi siano costantemente completi e veritieri.<\/p>\n<p style=\"text-align: justify;\"><strong>Interruzione dei servizi<\/strong><br \/>\nWirLab Fibra S.r.l. potr\u00e0 in ogni momento, e senza nessun preavviso, sospendere o interrompere definitivamente l\u2019erogazione dei Servizi. In particolare, WirLab potr\u00e0 interrompere l\u2019erogazione dei Servizi, con effetto immediato e senza bisogno di comunicazione preventiva, fra l\u2019altro, nei seguenti casi:<\/p>\n<p style=\"text-align: justify;\">1) quando non sono forniti dati personali aggiornati, completi e veritieri da parte dell\u2019Utente;<br \/>\n<span style=\"text-align: justify;\">2) quando i Servizi sono utilizzati per fini illegali o per la trasmissione o lo scambio di materiale che sia illecito, molesto, razzista, calunnioso o diffamatorio, lesivo della privacy altrui, abusivo, minaccioso, dannoso, volgare, osceno o altrimenti riprovevole o che violi, o possa violare, diritti di propriet\u00e0 intellettuale o industriale o altri diritti di terzi; che arrechi molestia, turbativa o danno, in qualsivoglia modo, a minori di et\u00e0 (violenza, pedofilia, sfruttamento ecc.), ovvero che sia contrario all\u2019ordine pubblico o al buon costume; ovvero<\/span><\/p>\n<p style=\"text-align: justify;\">3) quando siano violate le Condizioni di Utilizzo del Sito o le Condizioni Speciali applicabili ad un Servizio.<\/p>\n[\/vc_column_text]<div class=\"vcex-spacing wpex-w-100 wpex-clear\" style=\"height:20px;\"><\/div>[\/vc_column][vc_column width=&#8221;1\/2&#8243;][vc_column_text font_family=&#8221;Montserrat&#8221; font_size=&#8221;12&#8243; line_height=&#8221;18px&#8221; letter_spacing=&#8221;0px&#8221; font_weight=&#8221;400&#8243; color=&#8221;#212121&#8243; css=&#8221;.vc_custom_1666684251909{padding-top: 10px !important;padding-right: 10px !important;padding-bottom: 10px !important;padding-left: 10px !important;}&#8221;]\n<p style=\"text-align: justify;\"><strong>Password e sicurezza<\/strong><br \/>\nL\u2019Utente \u00e8 responsabile del mantenimento della segretezza della sua password e dell\u2019utilizzo del suo identificativo Utente. L\u2019utente si impegna a notificare immediatamente all\u2019indirizzo di posta elettronica presente sul Sito qualsiasi uso non autorizzato del tuo identificativo Utente e\/o password, il furto o smarrimento o ogni altra violazione dei sistemi di sicurezza di cui venissi a conoscenza. L\u2019Utente potr\u00e0 in ogni momento cambiare la sua password seguendo le istruzioni fornite dal sistema.<\/p>\n<p style=\"text-align: justify;\"><strong>Community<\/strong><br \/>\nNei Servizi di Community, eventualmente accessibili sul Sito, non \u00e8 consentito esprimersi in modo offensivo, diffamatorio, minaccioso, osceno, razzista, o in altri modi comunque contrari all\u2019ordine pubblico, al buon costume e alla pubblica decenza. L\u2019Utente si impegna a rispettare le regole fissate da WirLab e ad avere riguardo verso gli interessi culturali e religiosi, come pure ai pareri degli altri Utenti.<\/p>\n<p style=\"text-align: justify;\">E vietato inserire nei Servizi di Community pubblicit\u00e0, o qualunque altro tipo di r\u00e9clame a scopo commerciale, nonch\u00e9 materiale pornografico, osceno, blasfemo, diffamatorio o generalmente offensivo della morale e del pudore. In caso di violazione del presente obbligo, WirLab si riserva il diritto di estromettere l\u2019Utente dai servizi di Community e di tutelare ogni suo diritto ed immagine in base alla vigente normativa. WirLab Fibra S.r.l. ricorda che l\u2019identit\u00e0, le dichiarazioni e le informazioni fornite da persone su Internet possono essere false. Pertanto, WirLab Fibra S.r.l. non assume alcuna responsabilit\u00e0 per il comportamento degli Utenti di terzi sul Sito. Inoltre, WirLab non \u00e8 responsabile per l\u2019uso di dati e informazioni resi accessibili da un Utente all\u2019altro nell\u2019ambito di Servizi.<\/p>\n<p style=\"text-align: justify;\"><strong>Links<\/strong><br \/>\nWirLab non assume alcuna responsabilit\u00e0 per materiali creati o pubblicati da terzi con i quali il Sito abbia un link di collegamento. Chi decide di visitare un Sito collegato al Sito lo fa a suo rischio, assumendosi l\u2019onere di prendere tutte le misure necessarie contro virus od altri elementi distruttivi. Il collegamento con altri siti non implica che WirLab sponsorizzi o sia affiliata con le entit\u00e0 che effettuano i servizi descritti in quei siti.<\/p>\n<p style=\"text-align: justify;\"><strong>Legge e giurisdizione<\/strong><br \/>\nQueste condizioni di utilizzo del Sito sono regolate dalla legge italiana.<br \/>\nPer qualsiasi controversia attinente alle condizioni di utilizzo del Sito, il Foro di Nocera Inferiore avr\u00e0 giurisdizione e competenza esclusiva.<\/p>\n<p style=\"text-align: justify;\"><strong>Comunicazioni<\/strong><br \/>\nTutte le comunicazioni relative alle Condizioni di Utilizzo del Sito andranno inviate all\u2019indirizzo di posta elettronica <span style=\"color: #1496d4;\"><strong><a style=\"color: #1496d4;\" href=\"mailto:info@wirlab.it\">info@wirlab.it<\/a><\/strong><\/span> .Tutte le comunicazioni di WirLab Fibra S.r.l. all\u2019Utente si considereranno valide, e quindi conosciute dall\u2019Utente, quando inviate all\u2019indirizzo di posta elettronica indicato dall\u2019Utente al momento della registrazione.<\/p>\n[\/vc_column_text][\/vc_column][\/vc_row][vc_row][vc_column]<div class=\"vcex-spacing wpex-w-100 wpex-clear\"><\/div>[\/vc_column][\/vc_row]\n<\/div>","protected":false},"excerpt":{"rendered":"Soluzioni Wholesale AREA CLIENTI Termini e condizioni Manleva L\u2019Utente si assume la responsabilit\u00e0 per ogni sua attivit\u00e0 effettuata nell\u2019ambito del Sito e si impegna a manlevare e tenere indenne WirLab Fibra S.r.l. da qualsiasi pretesa o minaccia relativa a o derivante dall\u2019uso o dall\u2019abuso della sua partecipazione al Sito. Si impegni, inoltre, ad utilizzare il&hellip;","protected":false},"author":1,"featured_media":0,"parent":0,"menu_order":0,"comment_status":"closed","ping_status":"closed","template":"","meta":{"footnotes":""},"class_list":["post-2333","page","type-page","status-publish","hentry","entry","no-media"],"yoast_head":"<!-- This site is optimized with the Yoast SEO plugin v26.6 - https:\/\/yoast.com\/wordpress\/plugins\/seo\/ -->\n<title>Termini e condizioni - WirLab<\/title>\n<meta name=\"robots\" content=\"index, follow, max-snippet:-1, max-image-preview:large, max-video-preview:-1\" \/>\n<link rel=\"canonical\" href=\"https:\/\/wirlab.it\/internet\/termini-e-condizioni\/\" \/>\n<meta property=\"og:locale\" content=\"it_IT\" \/>\n<meta property=\"og:type\" content=\"article\" \/>\n<meta property=\"og:title\" content=\"Termini e condizioni - WirLab\" \/>\n<meta property=\"og:url\" content=\"https:\/\/wirlab.it\/internet\/termini-e-condizioni\/\" \/>\n<meta property=\"og:site_name\" content=\"WirLab\" \/>\n<meta property=\"article:modified_time\" content=\"2022-10-25T08:21:42+00:00\" \/>\n<meta name=\"twitter:card\" content=\"summary_large_image\" \/>\n<meta name=\"twitter:label1\" content=\"Tempo di lettura stimato\" \/>\n\t<meta name=\"twitter:data1\" content=\"6 minuti\" \/>\n<script type=\"application\/ld+json\" class=\"yoast-schema-graph\">{\"@context\":\"https:\/\/schema.org\",\"@graph\":[{\"@type\":\"WebPage\",\"@id\":\"https:\/\/wirlab.it\/internet\/termini-e-condizioni\/\",\"url\":\"https:\/\/wirlab.it\/internet\/termini-e-condizioni\/\",\"name\":\"Termini e condizioni - WirLab\",\"isPartOf\":{\"@id\":\"https:\/\/wirlab.it\/internet\/#website\"},\"datePublished\":\"2020-10-15T15:41:53+00:00\",\"dateModified\":\"2022-10-25T08:21:42+00:00\",\"breadcrumb\":{\"@id\":\"https:\/\/wirlab.it\/internet\/termini-e-condizioni\/#breadcrumb\"},\"inLanguage\":\"it-IT\",\"potentialAction\":[{\"@type\":\"ReadAction\",\"target\":[\"https:\/\/wirlab.it\/internet\/termini-e-condizioni\/\"]}]},{\"@type\":\"BreadcrumbList\",\"@id\":\"https:\/\/wirlab.it\/internet\/termini-e-condizioni\/#breadcrumb\",\"itemListElement\":[{\"@type\":\"ListItem\",\"position\":1,\"name\":\"Home\",\"item\":\"https:\/\/wirlab.it\/internet\/\"},{\"@type\":\"ListItem\",\"position\":2,\"name\":\"Termini e condizioni\"}]},{\"@type\":\"WebSite\",\"@id\":\"https:\/\/wirlab.it\/internet\/#website\",\"url\":\"https:\/\/wirlab.it\/internet\/\",\"name\":\"WirLab\",\"description\":\"Offerte Internet, luce e Gas\",\"publisher\":{\"@id\":\"https:\/\/wirlab.it\/internet\/#organization\"},\"potentialAction\":[{\"@type\":\"SearchAction\",\"target\":{\"@type\":\"EntryPoint\",\"urlTemplate\":\"https:\/\/wirlab.it\/internet\/?s={search_term_string}\"},\"query-input\":{\"@type\":\"PropertyValueSpecification\",\"valueRequired\":true,\"valueName\":\"search_term_string\"}}],\"inLanguage\":\"it-IT\"},{\"@type\":\"Organization\",\"@id\":\"https:\/\/wirlab.it\/internet\/#organization\",\"name\":\"WirLab\",\"url\":\"https:\/\/wirlab.it\/internet\/\",\"logo\":{\"@type\":\"ImageObject\",\"inLanguage\":\"it-IT\",\"@id\":\"https:\/\/wirlab.it\/internet\/#\/schema\/logo\/image\/\",\"url\":\"https:\/\/wirlab.it\/internet\/wp-content\/uploads\/2019\/12\/WirLab-Logo-Ufficiale.png\",\"contentUrl\":\"https:\/\/wirlab.it\/internet\/wp-content\/uploads\/2019\/12\/WirLab-Logo-Ufficiale.png\",\"width\":1000,\"height\":345,\"caption\":\"WirLab\"},\"image\":{\"@id\":\"https:\/\/wirlab.it\/internet\/#\/schema\/logo\/image\/\"}}]}<\/script>\n<!-- \/ Yoast SEO plugin. -->","yoast_head_json":{"title":"Termini e condizioni - WirLab","robots":{"index":"index","follow":"follow","max-snippet":"max-snippet:-1","max-image-preview":"max-image-preview:large","max-video-preview":"max-video-preview:-1"},"canonical":"https:\/\/wirlab.it\/internet\/termini-e-condizioni\/","og_locale":"it_IT","og_type":"article","og_title":"Termini e condizioni - WirLab","og_url":"https:\/\/wirlab.it\/internet\/termini-e-condizioni\/","og_site_name":"WirLab","article_modified_time":"2022-10-25T08:21:42+00:00","twitter_card":"summary_large_image","twitter_misc":{"Tempo di lettura stimato":"6 minuti"},"schema":{"@context":"https:\/\/schema.org","@graph":[{"@type":"WebPage","@id":"https:\/\/wirlab.it\/internet\/termini-e-condizioni\/","url":"https:\/\/wirlab.it\/internet\/termini-e-condizioni\/","name":"Termini e condizioni - WirLab","isPartOf":{"@id":"https:\/\/wirlab.it\/internet\/#website"},"datePublished":"2020-10-15T15:41:53+00:00","dateModified":"2022-10-25T08:21:42+00:00","breadcrumb":{"@id":"https:\/\/wirlab.it\/internet\/termini-e-condizioni\/#breadcrumb"},"inLanguage":"it-IT","potentialAction":[{"@type":"ReadAction","target":["https:\/\/wirlab.it\/internet\/termini-e-condizioni\/"]}]},{"@type":"BreadcrumbList","@id":"https:\/\/wirlab.it\/internet\/termini-e-condizioni\/#breadcrumb","itemListElement":[{"@type":"ListItem","position":1,"name":"Home","item":"https:\/\/wirlab.it\/internet\/"},{"@type":"ListItem","position":2,"name":"Termini e condizioni"}]},{"@type":"WebSite","@id":"https:\/\/wirlab.it\/internet\/#website","url":"https:\/\/wirlab.it\/internet\/","name":"WirLab","description":"Offerte Internet, luce e Gas","publisher":{"@id":"https:\/\/wirlab.it\/internet\/#organization"},"potentialAction":[{"@type":"SearchAction","target":{"@type":"EntryPoint","urlTemplate":"https:\/\/wirlab.it\/internet\/?s={search_term_string}"},"query-input":{"@type":"PropertyValueSpecification","valueRequired":true,"valueName":"search_term_string"}}],"inLanguage":"it-IT"},{"@type":"Organization","@id":"https:\/\/wirlab.it\/internet\/#organization","name":"WirLab","url":"https:\/\/wirlab.it\/internet\/","logo":{"@type":"ImageObject","inLanguage":"it-IT","@id":"https:\/\/wirlab.it\/internet\/#\/schema\/logo\/image\/","url":"https:\/\/wirlab.it\/internet\/wp-content\/uploads\/2019\/12\/WirLab-Logo-Ufficiale.png","contentUrl":"https:\/\/wirlab.it\/internet\/wp-content\/uploads\/2019\/12\/WirLab-Logo-Ufficiale.png","width":1000,"height":345,"caption":"WirLab"},"image":{"@id":"https:\/\/wirlab.it\/internet\/#\/schema\/logo\/image\/"}}]}},"_links":{"self":[{"href":"https:\/\/wirlab.it\/internet\/wp-json\/wp\/v2\/pages\/2333","targetHints":{"allow":["GET"]}}],"collection":[{"href":"https:\/\/wirlab.it\/internet\/wp-json\/wp\/v2\/pages"}],"about":[{"href":"https:\/\/wirlab.it\/internet\/wp-json\/wp\/v2\/types\/page"}],"author":[{"embeddable":true,"href":"https:\/\/wirlab.it\/internet\/wp-json\/wp\/v2\/users\/1"}],"replies":[{"embeddable":true,"href":"https:\/\/wirlab.it\/internet\/wp-json\/wp\/v2\/comments?post=2333"}],"version-history":[{"count":7,"href":"https:\/\/wirlab.it\/internet\/wp-json\/wp\/v2\/pages\/2333\/revisions"}],"predecessor-version":[{"id":3740,"href":"https:\/\/wirlab.it\/internet\/wp-json\/wp\/v2\/pages\/2333\/revisions\/3740"}],"wp:attachment":[{"href":"https:\/\/wirlab.it\/internet\/wp-json\/wp\/v2\/media?parent=2333"}],"curies":[{"name":"wp","href":"https:\/\/api.w.org\/{rel}","templated":true}]}}